{"id":11,"date":"2024-07-18T18:29:36","date_gmt":"2024-07-18T18:29:36","guid":{"rendered":"https:\/\/ecelencanto.com\/?page_id=11"},"modified":"2024-07-18T19:25:56","modified_gmt":"2024-07-18T19:25:56","slug":"servicios","status":"publish","type":"page","link":"https:\/\/ecelencanto.com\/index.php\/servicios\/","title":{"rendered":"Servicios"},"content":{"rendered":"<p>Brindamos servicios de cr\u00e9ditos a bajas tasas de inter\u00e9s, apoyando los proyectos productivos de nuestros socios.<br class=\"html-br\" \/><br class=\"html-br\" \/>Contribuyendo al desarrollo econ\u00f3mico<\/p>\n<p><img loading=\"lazy\" decoding=\"async\" class=\"alignnone size-full wp-image-36\" src=\"https:\/\/ecelencanto.com\/wp-content\/uploads\/2024\/07\/303002404_531574258769046_1294539349677134320_n.jpg\" alt=\"\" width=\"742\" height=\"349\" srcset=\"https:\/\/ecelencanto.com\/wp-content\/uploads\/2024\/07\/303002404_531574258769046_1294539349677134320_n.jpg 742w, https:\/\/ecelencanto.com\/wp-content\/uploads\/2024\/07\/303002404_531574258769046_1294539349677134320_n-300x141.jpg 300w\" sizes=\"auto, (max-width: 742px) 100vw, 742px\" \/><\/p>\n","protected":false},"excerpt":{"rendered":"<p>Brindamos servicios de cr\u00e9ditos a bajas tasas de inter\u00e9s, apoyando los proyectos productivos de nuestros socios.Contribuyendo al desarrollo econ\u00f3mico<\/p>\n","protected":false},"author":1,"featured_media":0,"parent":0,"menu_order":0,"comment_status":"closed","ping_status":"closed","template":"","meta":{"footnotes":""},"class_list":["post-11","page","type-page","status-publish","hentry"],"_links":{"self":[{"href":"https:\/\/ecelencanto.com\/index.php\/wp-json\/wp\/v2\/pages\/11","targetHints":{"allow":["GET"]}}],"collection":[{"href":"https:\/\/ecelencanto.com\/index.php\/wp-json\/wp\/v2\/pages"}],"about":[{"href":"https:\/\/ecelencanto.com\/index.php\/wp-json\/wp\/v2\/types\/page"}],"author":[{"embeddable":true,"href":"https:\/\/ecelencanto.com\/index.php\/wp-json\/wp\/v2\/users\/1"}],"replies":[{"embeddable":true,"href":"https:\/\/ecelencanto.com\/index.php\/wp-json\/wp\/v2\/comments?post=11"}],"version-history":[{"count":2,"href":"https:\/\/ecelencanto.com\/index.php\/wp-json\/wp\/v2\/pages\/11\/revisions"}],"predecessor-version":[{"id":41,"href":"https:\/\/ecelencanto.com\/index.php\/wp-json\/wp\/v2\/pages\/11\/revisions\/41"}],"wp:attachment":[{"href":"https:\/\/ecelencanto.com\/index.php\/wp-json\/wp\/v2\/media?parent=11"}],"curies":[{"name":"wp","href":"https:\/\/api.w.org\/{rel}","templated":true}]}}